{"id":38,"date":"2023-05-24T20:16:12","date_gmt":"2023-05-24T18:16:12","guid":{"rendered":"https:\/\/www.malermeister-leicht.de\/?page_id=38"},"modified":"2023-09-12T08:37:20","modified_gmt":"2023-09-12T06:37:20","slug":"home","status":"publish","type":"page","link":"https:\/\/www.malermeister-leicht.de\/","title":{"rendered":"Home"},"content":{"rendered":"\n<div style=\"height:30px\" aria-hidden=\"true\" class=\"wp-block-spacer\"><\/div>\n\n\n\n<p><strong>Herzlich Willkommen!<\/strong><br>Bei uns ist der Name auch unser Ziel: \u201eRenovieren Leicht gemacht!\u201c <\/p>\n\n\n\n<p>Wir sind Ihr kompetenter Partner in allen Fragen rund um das Thema Malerarbeiten. Ob es sich um Renovierungen, Neubauten, Altbausanierungen oder individuelle Gestaltungsprojekte handelt &#8211; bei uns sind Sie in besten H\u00e4nden. Wir setzen Ihre Ideen und W\u00fcnsche mit viel Liebe zum Detail und h\u00f6chster Pr\u00e4zision um. Dabei verwenden wir ausschlie\u00dflich hochwertige, \u00f6kologische und nachhaltige Materialien und Farben, um ein perfektes Ergebnis zu erzielen. Wir beraten Sie gerne bei der Auswahl von Farben und Designs und finden gemeinsam mit Ihnen die passende L\u00f6sung f\u00fcr<br><strong>Ihr Projekt<\/strong>!<br>Unser Leistungsspektrum umfasst unter anderem Innen- und Au\u00dfenanstriche, Tapezierarbeiten, Fassadenrenovierungen, Spachtel und Putzarbeiten sowie Bodenbeschichtungen. Wir legen gro\u00dfen Wert auf eine sorgf\u00e4ltige Vor- und Nachbereitung der Arbeiten, eine optimale Haltbarkeit und Langlebigkeit zu gew\u00e4hrleisten.<br>\u00dcberzeugen Sie sich selbst von unserer Arbeit und lassen Sie sich von uns ein unverbindliches Angebot erstellen. <a href=\"https:\/\/www.malermeister-leicht.de\/?page_id=27\">Wir freuen uns auf Ihre Anfrage! <\/a><\/p>\n\n\n\n<div style=\"height:30px\" aria-hidden=\"true\" class=\"wp-block-spacer\"><\/div>\n\n\n\n<div class=\"wp-block-columns is-layout-flex wp-container-core-columns-is-layout-28f84493 wp-block-columns-is-layout-flex\">\n<div class=\"wp-block-column is-layout-flow wp-block-column-is-layout-flow\" style=\"padding-top:var(--wp--preset--spacing--30);padding-right:var(--wp--preset--spacing--30);padding-bottom:var(--wp--preset--spacing--30);padding-left:var(--wp--preset--spacing--30)\">\n<div class=\"wp-block-cover alignfull is-light wp-duotone-unset-2\" style=\"margin-top:0;padding-top:48px;padding-right:48px;padding-bottom:48px;padding-left:48px;min-height:368px;aspect-ratio:unset;\"><span aria-hidden=\"true\" class=\"wp-block-cover__background has-background-dim-30 has-background-dim\"><\/span><img loading=\"lazy\" decoding=\"async\" width=\"1312\" height=\"2560\" class=\"wp-block-cover__image-background wp-image-89\" alt=\"\" src=\"https:\/\/www.malermeister-leicht.de\/wp-content\/uploads\/2023\/06\/Malerarbeiten-1-scaled.jpeg\" data-object-fit=\"cover\" srcset=\"https:\/\/www.malermeister-leicht.de\/wp-content\/uploads\/2023\/06\/Malerarbeiten-1-scaled.jpeg 1312w, https:\/\/www.malermeister-leicht.de\/wp-content\/uploads\/2023\/06\/Malerarbeiten-1-154x300.jpeg 154w, https:\/\/www.malermeister-leicht.de\/wp-content\/uploads\/2023\/06\/Malerarbeiten-1-525x1024.jpeg 525w, https:\/\/www.malermeister-leicht.de\/wp-content\/uploads\/2023\/06\/Malerarbeiten-1-768x1498.jpeg 768w, https:\/\/www.malermeister-leicht.de\/wp-content\/uploads\/2023\/06\/Malerarbeiten-1-787x1536.jpeg 787w, https:\/\/www.malermeister-leicht.de\/wp-content\/uploads\/2023\/06\/Malerarbeiten-1-1050x2048.jpeg 1050w\" sizes=\"auto, (max-width: 1312px) 100vw, 1312px\" \/><div class=\"wp-block-cover__inner-container is-layout-flow wp-block-cover-is-layout-flow\">\n<div class=\"wp-block-group has-global-padding is-content-justification-left is-layout-constrained wp-container-core-group-is-layout-89b02a4c wp-block-group-is-layout-constrained\">\n<h2 class=\"wp-block-heading has-text-align-left has-white-color has-text-color\" style=\"font-size:clamp(14px, 0.875rem + ((1vw - 3.2px) * 0.882), 20px);font-style:normal;font-weight:700;letter-spacing:0px;line-height:1;text-transform:uppercase\">Maler- &amp; Lackierarbeiten<\/h2>\n<\/div>\n\n\n\n<div style=\"height:72px\" aria-hidden=\"true\" class=\"wp-block-spacer\"><\/div>\n\n\n\n<div class=\"wp-block-buttons is-content-justification-left is-nowrap is-layout-flex wp-container-core-buttons-is-layout-92e17da2 wp-block-buttons-is-layout-flex\">\n<div class=\"wp-block-button has-custom-font-size is-style-outline is-style-outline--1\" style=\"font-size:clamp(14px, 0.875rem + ((1vw - 3.2px) * 0.294), 16px);font-style:normal;font-weight:600;letter-spacing:0px;text-transform:uppercase\"><a class=\"wp-block-button__link has-white-color has-text-color has-text-align-center wp-element-button\" href=\"https:\/\/www.malermeister-leicht.de\/?page_id=51\" style=\"padding-top:24px;padding-right:48px;padding-bottom:24px;padding-left:48px\" rel=\"https:\/\/www.malermeister-leicht.de\/?page_id=51\">Explore<\/a><\/div>\n<\/div>\n<\/div><\/div>\n<\/div>\n\n\n\n<div class=\"wp-block-column is-layout-flow wp-container-core-column-is-layout-a590c3e2 wp-block-column-is-layout-flow\" style=\"padding-top:var(--wp--preset--spacing--30);padding-right:var(--wp--preset--spacing--30);padding-bottom:var(--wp--preset--spacing--30);padding-left:var(--wp--preset--spacing--30)\">\n<div class=\"wp-block-cover alignfull wp-duotone-unset-4\" style=\"margin-top:0;padding-top:48px;padding-right:48px;padding-bottom:48px;padding-left:48px;min-height:366px;aspect-ratio:unset;\"><span aria-hidden=\"true\" class=\"wp-block-cover__background has-background-dim-30 has-background-dim\"><\/span><img loading=\"lazy\" decoding=\"async\" width=\"1920\" height=\"2560\" class=\"wp-block-cover__image-background wp-image-65\" alt=\"\" src=\"https:\/\/www.malermeister-leicht.de\/wp-content\/uploads\/2023\/06\/Fassadengestaltung_Nachher1-scaled.jpeg\" data-object-fit=\"cover\" srcset=\"https:\/\/www.malermeister-leicht.de\/wp-content\/uploads\/2023\/06\/Fassadengestaltung_Nachher1-scaled.jpeg 1920w, https:\/\/www.malermeister-leicht.de\/wp-content\/uploads\/2023\/06\/Fassadengestaltung_Nachher1-225x300.jpeg 225w, https:\/\/www.malermeister-leicht.de\/wp-content\/uploads\/2023\/06\/Fassadengestaltung_Nachher1-768x1024.jpeg 768w, https:\/\/www.malermeister-leicht.de\/wp-content\/uploads\/2023\/06\/Fassadengestaltung_Nachher1-1152x1536.jpeg 1152w, https:\/\/www.malermeister-leicht.de\/wp-content\/uploads\/2023\/06\/Fassadengestaltung_Nachher1-1536x2048.jpeg 1536w\" sizes=\"auto, (max-width: 1920px) 100vw, 1920px\" \/><div class=\"wp-block-cover__inner-container is-layout-flow wp-block-cover-is-layout-flow\">\n<div class=\"wp-block-group has-global-padding is-content-justification-left is-layout-constrained wp-container-core-group-is-layout-89b02a4c wp-block-group-is-layout-constrained\">\n<h2 class=\"wp-block-heading has-text-align-left has-white-color has-text-color\" style=\"font-size:clamp(14px, 0.875rem + ((1vw - 3.2px) * 0.882), 20px);font-style:normal;font-weight:700;letter-spacing:0px;line-height:1;text-transform:uppercase\">Fassadengestaltung<\/h2>\n<\/div>\n\n\n\n<div style=\"height:72px\" aria-hidden=\"true\" class=\"wp-block-spacer\"><\/div>\n\n\n\n<div class=\"wp-block-buttons is-content-justification-left is-nowrap is-layout-flex wp-container-core-buttons-is-layout-92e17da2 wp-block-buttons-is-layout-flex\">\n<div class=\"wp-block-button has-custom-font-size is-style-outline is-style-outline--3\" style=\"font-size:clamp(14px, 0.875rem + ((1vw - 3.2px) * 0.294), 16px);font-style:normal;font-weight:600;letter-spacing:0px;text-transform:uppercase\"><a class=\"wp-block-button__link has-white-color has-text-color has-text-align-center wp-element-button\" href=\"https:\/\/www.malermeister-leicht.de\/?page_id=57\" style=\"padding-top:24px;padding-right:48px;padding-bottom:24px;padding-left:48px\" rel=\"https:\/\/www.malermeister-leicht.de\/?page_id=57\">Explore<\/a><\/div>\n<\/div>\n<\/div><\/div>\n<\/div>\n\n\n\n<div class=\"wp-block-column is-layout-flow wp-block-column-is-layout-flow\" style=\"padding-top:var(--wp--preset--spacing--30);padding-right:var(--wp--preset--spacing--30);padding-bottom:var(--wp--preset--spacing--30);padding-left:var(--wp--preset--spacing--30)\">\n<div class=\"wp-block-cover alignfull is-light wp-duotone-unset-6\" style=\"margin-top:0;padding-top:48px;padding-right:48px;padding-bottom:48px;padding-left:48px;min-height:366px;aspect-ratio:unset;\"><span aria-hidden=\"true\" class=\"wp-block-cover__background has-background-dim-30 has-background-dim\"><\/span><img loading=\"lazy\" decoding=\"async\" width=\"1920\" height=\"2560\" class=\"wp-block-cover__image-background wp-image-69\" alt=\"\" src=\"https:\/\/www.malermeister-leicht.de\/wp-content\/uploads\/2023\/06\/Bodenlegearbeiten-scaled.jpeg\" data-object-fit=\"cover\" srcset=\"https:\/\/www.malermeister-leicht.de\/wp-content\/uploads\/2023\/06\/Bodenlegearbeiten-scaled.jpeg 1920w, https:\/\/www.malermeister-leicht.de\/wp-content\/uploads\/2023\/06\/Bodenlegearbeiten-225x300.jpeg 225w, https:\/\/www.malermeister-leicht.de\/wp-content\/uploads\/2023\/06\/Bodenlegearbeiten-768x1024.jpeg 768w, https:\/\/www.malermeister-leicht.de\/wp-content\/uploads\/2023\/06\/Bodenlegearbeiten-1152x1536.jpeg 1152w, https:\/\/www.malermeister-leicht.de\/wp-content\/uploads\/2023\/06\/Bodenlegearbeiten-1536x2048.jpeg 1536w\" sizes=\"auto, (max-width: 1920px) 100vw, 1920px\" \/><div class=\"wp-block-cover__inner-container is-layout-flow wp-block-cover-is-layout-flow\">\n<div class=\"wp-block-group has-global-padding is-content-justification-left is-layout-constrained wp-container-core-group-is-layout-6f53777a wp-block-group-is-layout-constrained\">\n<h2 class=\"wp-block-heading has-text-align-left has-white-color has-text-color\" style=\"font-size:clamp(14px, 0.875rem + ((1vw - 3.2px) * 0.882), 20px);font-style:normal;font-weight:700;letter-spacing:0px;line-height:1;text-transform:uppercase\">Bodenlegearbeiten<\/h2>\n<\/div>\n\n\n\n<div style=\"height:72px\" aria-hidden=\"true\" class=\"wp-block-spacer\"><\/div>\n\n\n\n<div class=\"wp-block-buttons is-content-justification-left is-nowrap is-layout-flex wp-container-core-buttons-is-layout-92e17da2 wp-block-buttons-is-layout-flex\">\n<div class=\"wp-block-button has-custom-font-size is-style-outline is-style-outline--5\" style=\"font-size:clamp(14px, 0.875rem + ((1vw - 3.2px) * 0.294), 16px);font-style:normal;font-weight:600;letter-spacing:0px;text-transform:uppercase\"><a class=\"wp-block-button__link has-white-color has-text-color has-text-align-center wp-element-button\" href=\"https:\/\/www.malermeister-leicht.de\/?page_id=61\" style=\"padding-top:24px;padding-right:48px;padding-bottom:24px;padding-left:48px\" rel=\"https:\/\/www.malermeister-leicht.de\/?page_id=61\">Explore<\/a><\/div>\n<\/div>\n<\/div><\/div>\n<\/div>\n<\/div>\n","protected":false},"excerpt":{"rendered":"<p>Herzlich Willkommen!Bei uns ist der Name auch unser Ziel: \u201eRenovieren Leicht gemacht!\u201c Wir sind Ihr kompetenter Partner in allen Fragen rund um das Thema Malerarbeiten. Ob es sich um Renovierungen, Neubauten, Altbausanierungen oder individuelle Gestaltungsprojekte handelt &#8211; bei uns sind Sie in besten H\u00e4nden. Wir setzen Ihre Ideen und W\u00fcnsche mit viel Liebe zum Detail [&hellip;]<\/p>\n","protected":false},"author":1,"featured_media":0,"parent":0,"menu_order":0,"comment_status":"closed","ping_status":"closed","template":"","meta":{"footnotes":""},"class_list":["post-38","page","type-page","status-publish","hentry"],"_links":{"self":[{"href":"https:\/\/www.malermeister-leicht.de\/index.php?rest_route=\/wp\/v2\/pages\/38","targetHints":{"allow":["GET"]}}],"collection":[{"href":"https:\/\/www.malermeister-leicht.de\/index.php?rest_route=\/wp\/v2\/pages"}],"about":[{"href":"https:\/\/www.malermeister-leicht.de\/index.php?rest_route=\/wp\/v2\/types\/page"}],"author":[{"embeddable":true,"href":"https:\/\/www.malermeister-leicht.de\/index.php?rest_route=\/wp\/v2\/users\/1"}],"replies":[{"embeddable":true,"href":"https:\/\/www.malermeister-leicht.de\/index.php?rest_route=%2Fwp%2Fv2%2Fcomments&post=38"}],"version-history":[{"count":58,"href":"https:\/\/www.malermeister-leicht.de\/index.php?rest_route=\/wp\/v2\/pages\/38\/revisions"}],"predecessor-version":[{"id":342,"href":"https:\/\/www.malermeister-leicht.de\/index.php?rest_route=\/wp\/v2\/pages\/38\/revisions\/342"}],"wp:attachment":[{"href":"https:\/\/www.malermeister-leicht.de\/index.php?rest_route=%2Fwp%2Fv2%2Fmedia&parent=38"}],"curies":[{"name":"wp","href":"https:\/\/api.w.org\/{rel}","templated":true}]}}