{"id":51,"date":"2023-06-27T19:46:51","date_gmt":"2023-06-27T17:46:51","guid":{"rendered":"https:\/\/www.malermeister-leicht.de\/?page_id=51"},"modified":"2023-09-03T11:23:04","modified_gmt":"2023-09-03T09:23:04","slug":"maler-lackierarbeiten","status":"publish","type":"page","link":"https:\/\/www.malermeister-leicht.de\/?page_id=51","title":{"rendered":"Maler- &#038; Lackierarbeiten"},"content":{"rendered":"\n<div style=\"height:30px\" aria-hidden=\"true\" class=\"wp-block-spacer\"><\/div>\n\n\n\n<p>Als professioneller Maler und Lackierer stehe ich Ihnen zur Verf\u00fcgung, um Ihre R\u00e4umlichkeiten mit einem frischen Anstrich zu versch\u00f6nern. Wir verwenden ausschlie\u00dflich hochwertige, nachhaltige und \u00f6kologische Farben und Lacke, um ein perfektes Ergebnis zu erzielen.<br>Unsere Leistungen umfassen alle Arten von Streicharbeiten, von der klassischen Wandgestaltung bis hin zu aufw\u00e4ndigen Spachteltechniken.<br>Dabei legen wir gro\u00dfen Wert auf eine individuelle Beratung, um Ihre W\u00fcnsche und Vorstellungen bestm\u00f6glich umsetzen zu k\u00f6nnen. Wir nehmen uns Zeit f\u00fcr Sie und gehen auf Ihre Bed\u00fcrfnisse ein.<br>Wir freuen uns darauf, Ihnen mit unseren Streicharbeiten ein neues Wohngef\u00fchl zu verleihen.<\/p>\n\n\n\n<div style=\"height:30px\" aria-hidden=\"true\" class=\"wp-block-spacer\"><\/div>\n\n\n\n<div class=\"wp-block-columns is-layout-flex wp-container-core-columns-is-layout-28f84493 wp-block-columns-is-layout-flex\">\n<div class=\"wp-block-column is-layout-flow wp-block-column-is-layout-flow\" style=\"padding-top:var(--wp--preset--spacing--30);padding-right:var(--wp--preset--spacing--30);padding-bottom:var(--wp--preset--spacing--30);padding-left:var(--wp--preset--spacing--30)\">\n<div class=\"wp-block-cover is-light\"><span aria-hidden=\"true\" class=\"wp-block-cover__background has-background-dim-0 has-background-dim\"><\/span><img loading=\"lazy\" decoding=\"async\" width=\"1312\" height=\"2560\" class=\"wp-block-cover__image-background wp-image-89\" alt=\"\" src=\"https:\/\/www.malermeister-leicht.de\/wp-content\/uploads\/2023\/06\/Malerarbeiten-1-scaled.jpeg\" data-object-fit=\"cover\" srcset=\"https:\/\/www.malermeister-leicht.de\/wp-content\/uploads\/2023\/06\/Malerarbeiten-1-scaled.jpeg 1312w, https:\/\/www.malermeister-leicht.de\/wp-content\/uploads\/2023\/06\/Malerarbeiten-1-154x300.jpeg 154w, https:\/\/www.malermeister-leicht.de\/wp-content\/uploads\/2023\/06\/Malerarbeiten-1-525x1024.jpeg 525w, https:\/\/www.malermeister-leicht.de\/wp-content\/uploads\/2023\/06\/Malerarbeiten-1-768x1498.jpeg 768w, https:\/\/www.malermeister-leicht.de\/wp-content\/uploads\/2023\/06\/Malerarbeiten-1-787x1536.jpeg 787w, https:\/\/www.malermeister-leicht.de\/wp-content\/uploads\/2023\/06\/Malerarbeiten-1-1050x2048.jpeg 1050w\" sizes=\"auto, (max-width: 1312px) 100vw, 1312px\" \/><div class=\"wp-block-cover__inner-container has-global-padding is-layout-constrained wp-block-cover-is-layout-constrained\">\n<p class=\"has-text-align-center has-large-font-size\"><\/p>\n\n\n\n<div class=\"wp-block-buttons is-content-justification-center is-layout-flex wp-container-core-buttons-is-layout-a89b3969 wp-block-buttons-is-layout-flex\">\n<div class=\"wp-block-button is-style-outline is-style-outline--1\"><a class=\"wp-block-button__link has-custom-blau-text-color has-text-color wp-element-button\" href=\"https:\/\/www.malermeister-leicht.de\/wp-content\/uploads\/2023\/06\/Malerarbeiten-1-scaled.jpeg\"><strong>Vergr\u00f6\u00dfern<\/strong><\/a><\/div>\n<\/div>\n<\/div><\/div>\n<\/div>\n\n\n\n<div class=\"wp-block-column is-layout-flow wp-block-column-is-layout-flow\" style=\"padding-top:var(--wp--preset--spacing--30);padding-right:var(--wp--preset--spacing--30);padding-bottom:var(--wp--preset--spacing--30);padding-left:var(--wp--preset--spacing--30)\">\n<div class=\"wp-block-cover is-light\"><span aria-hidden=\"true\" class=\"wp-block-cover__background has-background-dim-0 has-background-dim\"><\/span><img loading=\"lazy\" decoding=\"async\" width=\"1312\" height=\"2560\" class=\"wp-block-cover__image-background wp-image-72\" alt=\"\" src=\"https:\/\/www.malermeister-leicht.de\/wp-content\/uploads\/2023\/06\/Malerarbeiten-scaled.jpeg\" data-object-fit=\"cover\" srcset=\"https:\/\/www.malermeister-leicht.de\/wp-content\/uploads\/2023\/06\/Malerarbeiten-scaled.jpeg 1312w, https:\/\/www.malermeister-leicht.de\/wp-content\/uploads\/2023\/06\/Malerarbeiten-154x300.jpeg 154w, https:\/\/www.malermeister-leicht.de\/wp-content\/uploads\/2023\/06\/Malerarbeiten-525x1024.jpeg 525w, https:\/\/www.malermeister-leicht.de\/wp-content\/uploads\/2023\/06\/Malerarbeiten-768x1498.jpeg 768w, https:\/\/www.malermeister-leicht.de\/wp-content\/uploads\/2023\/06\/Malerarbeiten-787x1536.jpeg 787w, https:\/\/www.malermeister-leicht.de\/wp-content\/uploads\/2023\/06\/Malerarbeiten-1050x2048.jpeg 1050w\" sizes=\"auto, (max-width: 1312px) 100vw, 1312px\" \/><div class=\"wp-block-cover__inner-container has-global-padding is-layout-constrained wp-block-cover-is-layout-constrained\">\n<p class=\"has-text-align-center has-large-font-size\"><\/p>\n\n\n\n<div class=\"wp-block-buttons is-content-justification-center is-layout-flex wp-container-core-buttons-is-layout-a89b3969 wp-block-buttons-is-layout-flex\">\n<div class=\"wp-block-button is-style-outline is-style-outline--2\"><a class=\"wp-block-button__link has-custom-blau-text-color has-text-color wp-element-button\" href=\"https:\/\/www.malermeister-leicht.de\/wp-content\/uploads\/2023\/06\/Malerarbeiten-scaled.jpeg\"><strong>Vergr\u00f6\u00dfern<\/strong><\/a><\/div>\n<\/div>\n<\/div><\/div>\n<\/div>\n<\/div>\n","protected":false},"excerpt":{"rendered":"<p>Als professioneller Maler und Lackierer stehe ich Ihnen zur Verf\u00fcgung, um Ihre R\u00e4umlichkeiten mit einem frischen Anstrich zu versch\u00f6nern. Wir verwenden ausschlie\u00dflich hochwertige, nachhaltige und \u00f6kologische Farben und Lacke, um ein perfektes Ergebnis zu erzielen.Unsere Leistungen umfassen alle Arten von Streicharbeiten, von der klassischen Wandgestaltung bis hin zu aufw\u00e4ndigen Spachteltechniken.Dabei legen wir gro\u00dfen Wert auf [&hellip;]<\/p>\n","protected":false},"author":1,"featured_media":0,"parent":0,"menu_order":0,"comment_status":"closed","ping_status":"closed","template":"","meta":{"footnotes":""},"class_list":["post-51","page","type-page","status-publish","hentry"],"_links":{"self":[{"href":"https:\/\/www.malermeister-leicht.de\/index.php?rest_route=\/wp\/v2\/pages\/51","targetHints":{"allow":["GET"]}}],"collection":[{"href":"https:\/\/www.malermeister-leicht.de\/index.php?rest_route=\/wp\/v2\/pages"}],"about":[{"href":"https:\/\/www.malermeister-leicht.de\/index.php?rest_route=\/wp\/v2\/types\/page"}],"author":[{"embeddable":true,"href":"https:\/\/www.malermeister-leicht.de\/index.php?rest_route=\/wp\/v2\/users\/1"}],"replies":[{"embeddable":true,"href":"https:\/\/www.malermeister-leicht.de\/index.php?rest_route=%2Fwp%2Fv2%2Fcomments&post=51"}],"version-history":[{"count":8,"href":"https:\/\/www.malermeister-leicht.de\/index.php?rest_route=\/wp\/v2\/pages\/51\/revisions"}],"predecessor-version":[{"id":320,"href":"https:\/\/www.malermeister-leicht.de\/index.php?rest_route=\/wp\/v2\/pages\/51\/revisions\/320"}],"wp:attachment":[{"href":"https:\/\/www.malermeister-leicht.de\/index.php?rest_route=%2Fwp%2Fv2%2Fmedia&parent=51"}],"curies":[{"name":"wp","href":"https:\/\/api.w.org\/{rel}","templated":true}]}}