{"id":53,"date":"2023-06-27T19:47:18","date_gmt":"2023-06-27T17:47:18","guid":{"rendered":"https:\/\/www.malermeister-leicht.de\/?page_id=53"},"modified":"2023-09-03T11:33:05","modified_gmt":"2023-09-03T09:33:05","slug":"verputzarbeiten","status":"publish","type":"page","link":"https:\/\/www.malermeister-leicht.de\/?page_id=53","title":{"rendered":"Verputzarbeiten"},"content":{"rendered":"\n<div style=\"height:30px\" aria-hidden=\"true\" class=\"wp-block-spacer\"><\/div>\n\n\n\n<p>Wir sind ein erfahrenes und zuverl\u00e4ssiges Unternehmen, das Ihnen hochwertige Verputzarbeiten anbietet. Wir bieten Ihnen ein umfassendes Leistungsspektrum von der Beratung \u00fcber die Planung bis hin zur Umsetzung Ihrer individuellen W\u00fcnsche.<br>Unsere Verputzarbeiten umfassen sowohl Innen- als auch Au\u00dfenputz und wir verwenden nur hochwertige und energieeffiziente Materialien, um ein perfektes Ergebnis zu erzielen. Ob Sie einen Neubau planen, eine Renovierung vorhaben oder eine Altbausanierung vorhaben, wir stehen Ihnen mit unserem Fachwissen und unserer langj\u00e4hrigen Erfahrung zur Seite.<\/p>\n\n\n\n<div style=\"height:30px\" aria-hidden=\"true\" class=\"wp-block-spacer\"><\/div>\n","protected":false},"excerpt":{"rendered":"<p>Wir sind ein erfahrenes und zuverl\u00e4ssiges Unternehmen, das Ihnen hochwertige Verputzarbeiten anbietet. Wir bieten Ihnen ein umfassendes Leistungsspektrum von der Beratung \u00fcber die Planung bis hin zur Umsetzung Ihrer individuellen W\u00fcnsche.Unsere Verputzarbeiten umfassen sowohl Innen- als auch Au\u00dfenputz und wir verwenden nur hochwertige und energieeffiziente Materialien, um ein perfektes Ergebnis zu erzielen. Ob Sie einen [&hellip;]<\/p>\n","protected":false},"author":1,"featured_media":0,"parent":0,"menu_order":0,"comment_status":"closed","ping_status":"closed","template":"","meta":{"footnotes":""},"class_list":["post-53","page","type-page","status-publish","hentry"],"_links":{"self":[{"href":"https:\/\/www.malermeister-leicht.de\/index.php?rest_route=\/wp\/v2\/pages\/53","targetHints":{"allow":["GET"]}}],"collection":[{"href":"https:\/\/www.malermeister-leicht.de\/index.php?rest_route=\/wp\/v2\/pages"}],"about":[{"href":"https:\/\/www.malermeister-leicht.de\/index.php?rest_route=\/wp\/v2\/types\/page"}],"author":[{"embeddable":true,"href":"https:\/\/www.malermeister-leicht.de\/index.php?rest_route=\/wp\/v2\/users\/1"}],"replies":[{"embeddable":true,"href":"https:\/\/www.malermeister-leicht.de\/index.php?rest_route=%2Fwp%2Fv2%2Fcomments&post=53"}],"version-history":[{"count":3,"href":"https:\/\/www.malermeister-leicht.de\/index.php?rest_route=\/wp\/v2\/pages\/53\/revisions"}],"predecessor-version":[{"id":322,"href":"https:\/\/www.malermeister-leicht.de\/index.php?rest_route=\/wp\/v2\/pages\/53\/revisions\/322"}],"wp:attachment":[{"href":"https:\/\/www.malermeister-leicht.de\/index.php?rest_route=%2Fwp%2Fv2%2Fmedia&parent=53"}],"curies":[{"name":"wp","href":"https:\/\/api.w.org\/{rel}","templated":true}]}}