{"id":55,"date":"2023-06-27T19:47:35","date_gmt":"2023-06-27T17:47:35","guid":{"rendered":"https:\/\/www.malermeister-leicht.de\/?page_id=55"},"modified":"2023-09-03T11:34:00","modified_gmt":"2023-09-03T09:34:00","slug":"tapezierarbeiten","status":"publish","type":"page","link":"https:\/\/www.malermeister-leicht.de\/?page_id=55","title":{"rendered":"Tapezierarbeiten"},"content":{"rendered":"\n<div style=\"height:30px\" aria-hidden=\"true\" class=\"wp-block-spacer\"><\/div>\n\n\n\n<p>Unsere Expertise umfasst eine Vielzahl von Tapezierarbeiten, einschlie\u00dflich Tapetenwechsel, Dekorationsmalerei und vielem mehr. Egal ob es sich um ein Wohnzimmer, ein Schlafzimmer, ein B\u00fcro oder ein ganzes Geb\u00e4ude handelt &#8211; wir sind f\u00fcr jede Herausforderung ger\u00fcstet und liefern stets erstklassige Ergebnisse.<br>Bei uns steht der Kunde im Mittelpunkt. Wir h\u00f6ren Ihnen genau zu, beraten Sie umfassend und geben Ihnen wertvolle Anregungen, um Ihr Projekt zum Erfolg zu f\u00fchren.<br>Machen Sie Ihre R\u00e4ume zu etwas Besonderem und vertrauen Sie auf die Expertise von uns. Wir freuen uns darauf, Ihre Ideen zum Leben zu erwecken und Ihnen eine unvergleichliche Tapeziererfahrung zu bieten.<\/p>\n\n\n\n<div style=\"height:30px\" aria-hidden=\"true\" class=\"wp-block-spacer\"><\/div>\n","protected":false},"excerpt":{"rendered":"<p>Unsere Expertise umfasst eine Vielzahl von Tapezierarbeiten, einschlie\u00dflich Tapetenwechsel, Dekorationsmalerei und vielem mehr. Egal ob es sich um ein Wohnzimmer, ein Schlafzimmer, ein B\u00fcro oder ein ganzes Geb\u00e4ude handelt &#8211; wir sind f\u00fcr jede Herausforderung ger\u00fcstet und liefern stets erstklassige Ergebnisse.Bei uns steht der Kunde im Mittelpunkt. Wir h\u00f6ren Ihnen genau zu, beraten Sie umfassend [&hellip;]<\/p>\n","protected":false},"author":1,"featured_media":0,"parent":0,"menu_order":0,"comment_status":"closed","ping_status":"closed","template":"","meta":{"footnotes":""},"class_list":["post-55","page","type-page","status-publish","hentry"],"_links":{"self":[{"href":"https:\/\/www.malermeister-leicht.de\/index.php?rest_route=\/wp\/v2\/pages\/55","targetHints":{"allow":["GET"]}}],"collection":[{"href":"https:\/\/www.malermeister-leicht.de\/index.php?rest_route=\/wp\/v2\/pages"}],"about":[{"href":"https:\/\/www.malermeister-leicht.de\/index.php?rest_route=\/wp\/v2\/types\/page"}],"author":[{"embeddable":true,"href":"https:\/\/www.malermeister-leicht.de\/index.php?rest_route=\/wp\/v2\/users\/1"}],"replies":[{"embeddable":true,"href":"https:\/\/www.malermeister-leicht.de\/index.php?rest_route=%2Fwp%2Fv2%2Fcomments&post=55"}],"version-history":[{"count":2,"href":"https:\/\/www.malermeister-leicht.de\/index.php?rest_route=\/wp\/v2\/pages\/55\/revisions"}],"predecessor-version":[{"id":323,"href":"https:\/\/www.malermeister-leicht.de\/index.php?rest_route=\/wp\/v2\/pages\/55\/revisions\/323"}],"wp:attachment":[{"href":"https:\/\/www.malermeister-leicht.de\/index.php?rest_route=%2Fwp%2Fv2%2Fmedia&parent=55"}],"curies":[{"name":"wp","href":"https:\/\/api.w.org\/{rel}","templated":true}]}}