{"id":59,"date":"2023-06-27T19:48:28","date_gmt":"2023-06-27T17:48:28","guid":{"rendered":"https:\/\/www.malermeister-leicht.de\/?page_id=59"},"modified":"2023-09-03T11:35:26","modified_gmt":"2023-09-03T09:35:26","slug":"trockenbau","status":"publish","type":"page","link":"https:\/\/www.malermeister-leicht.de\/?page_id=59","title":{"rendered":"Trockenbau"},"content":{"rendered":"\n<div style=\"height:30px\" aria-hidden=\"true\" class=\"wp-block-spacer\"><\/div>\n\n\n\n<p>Der Trockenbau ist eine vielseitige und effiziente Methode, um Innenr\u00e4ume zu gestalten und strukturelle Elemente zu errichten. Wir verstehen, dass jede Baustelle einzigartig ist und spezifische Anforderungen hat. Deshalb stehen wir Ihnen mit unserer Expertise zur Seite, um Ihre Visionen und Ideen zu realisieren. Egal ob es sich um den Ausbau von Wohnr\u00e4umen, B\u00fcros oder Gewerbeimmobilien handelt &#8211; wir bieten Ihnen die bestm\u00f6glichen L\u00f6sungen.<br>Unsere Trockenbauarbeiten umfassen eine breite Palette von Leistungen, wie die Errichtung von Trennw\u00e4nden, Deckenverkleidungen, Vorsatzschalen und vielem mehr. Wir verwenden nur hochwertige Materialien und setzen modernste Techniken ein, um Ergebnisse von h\u00f6chster Qualit\u00e4t zu gew\u00e4hrleisten. Unsere Trockenbau- L\u00f6sungen sind nicht nur funktional und langlebig, sondern bieten auch \u00e4sthetische Vorteile, die den Charakter Ihrer R\u00e4ume unterstreichen.<br>Entdecken Sie die M\u00f6glichkeiten des Trockenbaus und lassen Sie uns Ihre R\u00e4ume zu etwas Besonderem machen.<\/p>\n\n\n\n<div style=\"height:30px\" aria-hidden=\"true\" class=\"wp-block-spacer\"><\/div>\n","protected":false},"excerpt":{"rendered":"<p>Der Trockenbau ist eine vielseitige und effiziente Methode, um Innenr\u00e4ume zu gestalten und strukturelle Elemente zu errichten. Wir verstehen, dass jede Baustelle einzigartig ist und spezifische Anforderungen hat. Deshalb stehen wir Ihnen mit unserer Expertise zur Seite, um Ihre Visionen und Ideen zu realisieren. Egal ob es sich um den Ausbau von Wohnr\u00e4umen, B\u00fcros oder [&hellip;]<\/p>\n","protected":false},"author":1,"featured_media":0,"parent":0,"menu_order":0,"comment_status":"closed","ping_status":"closed","template":"","meta":{"footnotes":""},"class_list":["post-59","page","type-page","status-publish","hentry"],"_links":{"self":[{"href":"https:\/\/www.malermeister-leicht.de\/index.php?rest_route=\/wp\/v2\/pages\/59","targetHints":{"allow":["GET"]}}],"collection":[{"href":"https:\/\/www.malermeister-leicht.de\/index.php?rest_route=\/wp\/v2\/pages"}],"about":[{"href":"https:\/\/www.malermeister-leicht.de\/index.php?rest_route=\/wp\/v2\/types\/page"}],"author":[{"embeddable":true,"href":"https:\/\/www.malermeister-leicht.de\/index.php?rest_route=\/wp\/v2\/users\/1"}],"replies":[{"embeddable":true,"href":"https:\/\/www.malermeister-leicht.de\/index.php?rest_route=%2Fwp%2Fv2%2Fcomments&post=59"}],"version-history":[{"count":3,"href":"https:\/\/www.malermeister-leicht.de\/index.php?rest_route=\/wp\/v2\/pages\/59\/revisions"}],"predecessor-version":[{"id":325,"href":"https:\/\/www.malermeister-leicht.de\/index.php?rest_route=\/wp\/v2\/pages\/59\/revisions\/325"}],"wp:attachment":[{"href":"https:\/\/www.malermeister-leicht.de\/index.php?rest_route=%2Fwp%2Fv2%2Fmedia&parent=59"}],"curies":[{"name":"wp","href":"https:\/\/api.w.org\/{rel}","templated":true}]}}